{"id":1468,"date":"2022-11-17T09:53:15","date_gmt":"2022-11-17T09:53:15","guid":{"rendered":"https:\/\/vinacopper.com\/contact\/"},"modified":"2024-04-12T07:45:12","modified_gmt":"2024-04-12T07:45:12","slug":"contact","status":"publish","type":"page","link":"https:\/\/vinacopper.com\/en\/contact\/","title":{"rendered":"Contact"},"content":{"rendered":"\t\t<div data-elementor-type=\"wp-page\" data-elementor-id=\"1468\" class=\"elementor elementor-1468 elementor-22\">\n\t\t\t\t\t\t<section class=\"elementor-section elementor-top-section elementor-element elementor-element-365d821 elementor-section-boxed elementor-section-height-default elementor-section-height-default\" data-id=\"365d821\" data-element_type=\"section\" data-settings=\"{&quot;background_background&quot;:&quot;classic&quot;}\">\n\t\t\t\t\t\t\t<div class=\"elementor-background-overlay\"><\/div>\n\t\t\t\t\t\t\t<div class=\"elementor-container elementor-column-gap-default\">\n\t\t\t\t\t<div class=\"elementor-column elementor-col-100 elementor-top-column elementor-element elementor-element-735b711\" data-id=\"735b711\" data-element_type=\"column\">\n\t\t\t<div class=\"elementor-widget-wrap elementor-element-populated\">\n\t\t\t\t\t\t<div class=\"elementor-element elementor-element-31a0f6e elementor-widget elementor-widget-shortcode\" data-id=\"31a0f6e\" data-element_type=\"widget\" data-widget_type=\"shortcode.default\">\n\t\t\t\t<div class=\"elementor-widget-container\">\n\t\t\t\t\t<div class=\"elementor-shortcode\">\t\t<div data-elementor-type=\"section\" data-elementor-id=\"752\" class=\"elementor elementor-752\">\n\t\t\t\t\t<div class=\"elementor-section-wrap\">\n\t\t\t\t\t\t\t\t<section class=\"elementor-section elementor-top-section elementor-element elementor-element-7f07696 elementor-section-full_width elementor-section-height-default elementor-section-height-default\" data-id=\"7f07696\" data-element_type=\"section\">\n\t\t\t\t\t\t<div class=\"elementor-container elementor-column-gap-no\">\n\t\t\t\t\t<div class=\"elementor-column elementor-col-100 elementor-top-column elementor-element elementor-element-f56c1b0\" data-id=\"f56c1b0\" data-element_type=\"column\">\n\t\t\t<div class=\"elementor-widget-wrap elementor-element-populated\">\n\t\t\t\t\t\t<div class=\"elementor-element elementor-element-1476316 elementor-widget elementor-widget-shortcode\" data-id=\"1476316\" data-element_type=\"widget\" data-widget_type=\"shortcode.default\">\n\t\t\t\t<div class=\"elementor-widget-container\">\n\t\t\t\t\t<div class=\"elementor-shortcode\"><nav aria-label=\"breadcrumbs\" class=\"rank-math-breadcrumb\"><p><span class=\"last\">Trang ch\u1ee7<\/span><\/p><\/nav><\/div>\n\t\t\t\t<\/div>\n\t\t\t\t<\/div>\n\t\t\t\t\t<\/div>\n\t\t<\/div>\n\t\t\t\t\t<\/div>\n\t\t<\/section>\n\t\t\t\t\t\t\t<\/div>\n\t\t\t\t<\/div>\n\t\t<\/div>\n\t\t\t\t<\/div>\n\t\t\t\t<\/div>\n\t\t\t\t\t<\/div>\n\t\t<\/div>\n\t\t\t\t\t<\/div>\n\t\t<\/section>\n\t\t\t\t<section class=\"elementor-section elementor-top-section elementor-element elementor-element-95b1cd7 elementor-section-boxed elementor-section-height-default elementor-section-height-default\" data-id=\"95b1cd7\" data-element_type=\"section\">\n\t\t\t\t\t\t<div class=\"elementor-container elementor-column-gap-default\">\n\t\t\t\t\t<div class=\"elementor-column elementor-col-50 elementor-top-column elementor-element elementor-element-22cbcd8\" data-id=\"22cbcd8\" data-element_type=\"column\">\n\t\t\t<div class=\"elementor-widget-wrap elementor-element-populated\">\n\t\t\t\t\t\t<section class=\"elementor-section elementor-inner-section elementor-element elementor-element-554e149 elementor-section-content-middle elementor-section-boxed elementor-section-height-default elementor-section-height-default\" data-id=\"554e149\" data-element_type=\"section\" data-settings=\"{&quot;animation&quot;:&quot;none&quot;}\">\n\t\t\t\t\t\t<div class=\"elementor-container elementor-column-gap-no\">\n\t\t\t\t\t<div class=\"elementor-column elementor-col-100 elementor-inner-column elementor-element elementor-element-2746a60\" data-id=\"2746a60\" data-element_type=\"column\">\n\t\t\t<div class=\"elementor-widget-wrap elementor-element-populated\">\n\t\t\t\t\t\t<div class=\"elementor-element elementor-element-3211dc8 elementor-position-left elementor-vertical-align-top elementor-widget elementor-widget-image-box\" data-id=\"3211dc8\" data-element_type=\"widget\" data-widget_type=\"image-box.default\">\n\t\t\t\t<div class=\"elementor-widget-container\">\n\t\t\t<style>\/*! elementor - v3.20.0 - 26-03-2024 *\/\n.elementor-widget-image-box .elementor-image-box-content{width:100%}@media (min-width:768px){.elementor-widget-image-box.elementor-position-left .elementor-image-box-wrapper,.elementor-widget-image-box.elementor-position-right .elementor-image-box-wrapper{display:flex}.elementor-widget-image-box.elementor-position-right .elementor-image-box-wrapper{text-align:right;flex-direction:row-reverse}.elementor-widget-image-box.elementor-position-left .elementor-image-box-wrapper{text-align:left;flex-direction:row}.elementor-widget-image-box.elementor-position-top .elementor-image-box-img{margin:auto}.elementor-widget-image-box.elementor-vertical-align-top .elementor-image-box-wrapper{align-items:flex-start}.elementor-widget-image-box.elementor-vertical-align-middle .elementor-image-box-wrapper{align-items:center}.elementor-widget-image-box.elementor-vertical-align-bottom .elementor-image-box-wrapper{align-items:flex-end}}@media (max-width:767px){.elementor-widget-image-box .elementor-image-box-img{margin-left:auto!important;margin-right:auto!important;margin-bottom:15px}}.elementor-widget-image-box .elementor-image-box-img{display:inline-block}.elementor-widget-image-box .elementor-image-box-title a{color:inherit}.elementor-widget-image-box .elementor-image-box-wrapper{text-align:center}.elementor-widget-image-box .elementor-image-box-description{margin:0}<\/style><div class=\"elementor-image-box-wrapper\"><figure class=\"elementor-image-box-img\"><img decoding=\"async\" width=\"39\" height=\"2\" src=\"https:\/\/vinacopper.com\/wp-content\/uploads\/2022\/11\/png-line.png\" class=\"attachment-full size-full wp-image-451\" alt=\"\" \/><\/figure><div class=\"elementor-image-box-content\"><p class=\"elementor-image-box-title\">News<\/p><\/div><\/div>\t\t<\/div>\n\t\t\t\t<\/div>\n\t\t\t\t<div class=\"elementor-element elementor-element-0befa43 elementor-widget elementor-widget-heading\" data-id=\"0befa43\" data-element_type=\"widget\" data-widget_type=\"heading.default\">\n\t\t\t\t<div class=\"elementor-widget-container\">\n\t\t\t<style>\/*! elementor - v3.20.0 - 26-03-2024 *\/\n.elementor-heading-title{padding:0;margin:0;line-height:1}.elementor-widget-heading .elementor-heading-title[class*=elementor-size-]>a{color:inherit;font-size:inherit;line-height:inherit}.elementor-widget-heading .elementor-heading-title.elementor-size-small{font-size:15px}.elementor-widget-heading .elementor-heading-title.elementor-size-medium{font-size:19px}.elementor-widget-heading .elementor-heading-title.elementor-size-large{font-size:29px}.elementor-widget-heading .elementor-heading-title.elementor-size-xl{font-size:39px}.elementor-widget-heading .elementor-heading-title.elementor-size-xxl{font-size:59px}<\/style><h2 class=\"elementor-heading-title elementor-size-default\">Always ready to support and accompany customers<\/h2>\t\t<\/div>\n\t\t\t\t<\/div>\n\t\t\t\t\t<\/div>\n\t\t<\/div>\n\t\t\t\t\t<\/div>\n\t\t<\/section>\n\t\t\t\t<div class=\"elementor-element elementor-element-a60fa73 elementor-widget elementor-widget-heading\" data-id=\"a60fa73\" data-element_type=\"widget\" data-widget_type=\"heading.default\">\n\t\t\t\t<div class=\"elementor-widget-container\">\n\t\t\t<h2 class=\"elementor-heading-title elementor-size-default\">Contact us for 24\/7 support<\/h2>\t\t<\/div>\n\t\t\t\t<\/div>\n\t\t\t\t<div class=\"elementor-element elementor-element-ee82f39 elementor-widget elementor-widget-text-editor\" data-id=\"ee82f39\" data-element_type=\"widget\" data-widget_type=\"text-editor.default\">\n\t\t\t\t<div class=\"elementor-widget-container\">\n\t\t\t<style>\/*! elementor - v3.20.0 - 26-03-2024 *\/\n.elementor-widget-text-editor.elementor-drop-cap-view-stacked .elementor-drop-cap{background-color:#69727d;color:#fff}.elementor-widget-text-editor.elementor-drop-cap-view-framed .elementor-drop-cap{color:#69727d;border:3px solid;background-color:transparent}.elementor-widget-text-editor:not(.elementor-drop-cap-view-default) .elementor-drop-cap{margin-top:8px}.elementor-widget-text-editor:not(.elementor-drop-cap-view-default) .elementor-drop-cap-letter{width:1em;height:1em}.elementor-widget-text-editor .elementor-drop-cap{float:left;text-align:center;line-height:1;font-size:50px}.elementor-widget-text-editor .elementor-drop-cap-letter{display:inline-block}<\/style>\t\t\t\t\t\t\t\t\t\t<\/div>\n\t\t\t\t<\/div>\n\t\t\t\t<div class=\"elementor-element elementor-element-a1d041d elementor-widget elementor-widget-shortcode\" data-id=\"a1d041d\" data-element_type=\"widget\" data-widget_type=\"shortcode.default\">\n\t\t\t\t<div class=\"elementor-widget-container\">\n\t\t\t\t\t<div class=\"elementor-shortcode\">\n<div class=\"wpcf7 no-js\" id=\"wpcf7-f1377-o1\" lang=\"vi\" dir=\"ltr\">\n<div class=\"screen-reader-response\"><p role=\"status\" aria-live=\"polite\" aria-atomic=\"true\"><\/p> <ul><\/ul><\/div>\n<form action=\"\/en\/wp-json\/wp\/v2\/pages\/1468#wpcf7-f1377-o1\" method=\"post\" class=\"wpcf7-form init\" aria-label=\"Form li\u00ean h\u1ec7\" novalidate=\"novalidate\" data-status=\"init\">\n<div style=\"display: none;\">\n<input type=\"hidden\" name=\"_wpcf7\" value=\"1377\" \/>\n<input type=\"hidden\" name=\"_wpcf7_version\" value=\"5.9.3\" \/>\n<input type=\"hidden\" name=\"_wpcf7_locale\" value=\"vi\" \/>\n<input type=\"hidden\" name=\"_wpcf7_unit_tag\" value=\"wpcf7-f1377-o1\" \/>\n<input type=\"hidden\" name=\"_wpcf7_container_post\" value=\"0\" \/>\n<input type=\"hidden\" name=\"_wpcf7_posted_data_hash\" value=\"\" \/>\n<\/div>\n<div class=\"fields\">\n\t<div class=\"field\">\n\t\t<p><span class=\"wpcf7-form-control-wrap\" data-name=\"your-name\"><input size=\"40\" class=\"wpcf7-form-control wpcf7-text wpcf7-validates-as-required\" aria-required=\"true\" aria-invalid=\"false\" placeholder=\"Your name*\" value=\"\" type=\"text\" name=\"your-name\" \/><\/span>\n\t\t<\/p>\n\t<\/div>\n\t<div class=\"field small\">\n\t\t<p><span class=\"wpcf7-form-control-wrap\" data-name=\"your-email\"><input size=\"40\" class=\"wpcf7-form-control wpcf7-email wpcf7-validates-as-required wpcf7-text wpcf7-validates-as-email\" aria-required=\"true\" aria-invalid=\"false\" placeholder=\"Email*\" value=\"\" type=\"email\" name=\"your-email\" \/><\/span>\n\t\t<\/p>\n\t<\/div>\n\t<div class=\"field small\">\n\t\t<p><span class=\"wpcf7-form-control-wrap\" data-name=\"your-phone\"><input size=\"40\" class=\"wpcf7-form-control wpcf7-tel wpcf7-validates-as-required wpcf7-text wpcf7-validates-as-tel\" aria-required=\"true\" aria-invalid=\"false\" placeholder=\"Your Phone*\" value=\"\" type=\"tel\" name=\"your-phone\" \/><\/span>\n\t\t<\/p>\n\t<\/div>\n\t<div class=\"field\">\n\t\t<p><span class=\"wpcf7-form-control-wrap\" data-name=\"your-content\"><textarea cols=\"40\" rows=\"10\" class=\"wpcf7-form-control wpcf7-textarea\" aria-invalid=\"false\" placeholder=\"Content\" name=\"your-content\"><\/textarea><\/span>\n\t\t<\/p>\n\t<\/div>\n\t<div class=\"field-submit\">\n\t\t<p><input class=\"wpcf7-form-control wpcf7-submit has-spinner\" type=\"submit\" value=\"Submit\" \/>\n\t\t<\/p>\n\t<\/div>\n<\/div><div class=\"wpcf7-response-output\" aria-hidden=\"true\"><\/div>\n<\/form>\n<\/div>\n<\/div>\n\t\t\t\t<\/div>\n\t\t\t\t<\/div>\n\t\t\t\t\t<\/div>\n\t\t<\/div>\n\t\t\t\t<div class=\"elementor-column elementor-col-50 elementor-top-column elementor-element elementor-element-8ce816e\" data-id=\"8ce816e\" data-element_type=\"column\">\n\t\t\t<div class=\"elementor-widget-wrap elementor-element-populated\">\n\t\t\t\t\t\t<div class=\"elementor-element elementor-element-a3f7674 elementor-widget elementor-widget-heading\" data-id=\"a3f7674\" data-element_type=\"widget\" data-widget_type=\"heading.default\">\n\t\t\t\t<div class=\"elementor-widget-container\">\n\t\t\t<h2 class=\"elementor-heading-title elementor-size-default\">VINACOPPER IMPORT EXPORT JOINT STOCK COMPANY<\/h2>\t\t<\/div>\n\t\t\t\t<\/div>\n\t\t\t\t<div class=\"elementor-element elementor-element-2d07658 elementor-position-left elementor-view-default elementor-mobile-position-top elementor-vertical-align-top elementor-widget elementor-widget-icon-box\" data-id=\"2d07658\" data-element_type=\"widget\" data-widget_type=\"icon-box.default\">\n\t\t\t\t<div class=\"elementor-widget-container\">\n\t\t\t<link rel=\"stylesheet\" href=\"https:\/\/vinacopper.com\/wp-content\/plugins\/elementor\/assets\/css\/widget-icon-box.min.css\">\t\t<div class=\"elementor-icon-box-wrapper\">\n\t\t\t\t\t\t<div class=\"elementor-icon-box-icon\">\n\t\t\t\t<a href=\"https:\/\/www.google.com\/maps\/dir\/\/C%C3%B4ng+Ty+C%E1%BB%95+Ph%E1%BA%A7n+Vinacopper,+%C4%90%E1%BA%A1i+B%C3%A1i,+Gia+B%C3%ACnh,+B%E1%BA%AFc+Ninh\/@21.0418865,106.1404297,16.5z\/data=!4m9!4m8!1m0!1m5!1m1!1s0x3135a1090a87e7c7:0x970eefb158842494!2m2!1d106.144557!2d21.0429154!3e4?entry=ttu\" class=\"elementor-icon elementor-animation-\" tabindex=\"-1\" target=\"_blank\" rel=\"noopener\">\n\t\t\t\t<svg xmlns=\"http:\/\/www.w3.org\/2000\/svg\" xmlns:xlink=\"http:\/\/www.w3.org\/1999\/xlink\" width=\"31\" height=\"31\" viewBox=\"0 0 31 31\"><defs><linearGradient id=\"linear-gradient\" x1=\"0.5\" x2=\"0.5\" y2=\"1\" gradientUnits=\"objectBoundingBox\"><stop offset=\"0\" stop-color=\"#843f23\"><\/stop><stop offset=\"0.308\" stop-color=\"#c75c32\"><\/stop><stop offset=\"0.516\" stop-color=\"#b75f3b\"><\/stop><stop offset=\"0.78\" stop-color=\"#9f4623\"><\/stop><stop offset=\"1\" stop-color=\"#b54c22\"><\/stop><\/linearGradient><\/defs><g id=\"map\" transform=\"translate(-6 -6)\"><circle id=\"Ellipse_15385\" data-name=\"Ellipse 15385\" cx=\"15.5\" cy=\"15.5\" r=\"15.5\" transform=\"translate(6 6)\" fill=\"url(#linear-gradient)\"><\/circle><g id=\"Group_21041\" data-name=\"Group 21041\" transform=\"translate(14.343 12.272)\"><path id=\"Path_73760\" data-name=\"Path 73760\" d=\"M846.5,379.893a7.08,7.08,0,0,0-9.718-.684,6.924,6.924,0,0,0-2.6,6.562,10.139,10.139,0,0,0,1.364,3.8,21.212,21.212,0,0,0,3.786,4.75c.616.6,1.27,1.155,1.906,1.73.069-.044.089-.053.105-.067a24.075,24.075,0,0,0,5.38-5.946,10.361,10.361,0,0,0,1.681-4.64A6.918,6.918,0,0,0,846.5,379.893Zm-5.214,8.3a3.412,3.412,0,1,1,3.395-3.4A3.418,3.418,0,0,1,841.282,388.191Z\" transform=\"translate(-834.109 -377.596)\" fill=\"#fff\"><\/path><\/g><\/g><\/svg>\t\t\t\t<\/a>\n\t\t\t<\/div>\n\t\t\t\t\t\t<div class=\"elementor-icon-box-content\">\n\t\t\t\t<p class=\"elementor-icon-box-title\">\n\t\t\t\t\t<a href=\"https:\/\/www.google.com\/maps\/dir\/\/C%C3%B4ng+Ty+C%E1%BB%95+Ph%E1%BA%A7n+Vinacopper,+%C4%90%E1%BA%A1i+B%C3%A1i,+Gia+B%C3%ACnh,+B%E1%BA%AFc+Ninh\/@21.0418865,106.1404297,16.5z\/data=!4m9!4m8!1m0!1m5!1m1!1s0x3135a1090a87e7c7:0x970eefb158842494!2m2!1d106.144557!2d21.0429154!3e4?entry=ttu\" target=\"_blank\" rel=\"noopener\">\n\t\t\t\t\t\tAddress 1:\t\t\t\t\t<\/a>\n\t\t\t\t<\/p>\n\t\t\t\t\t\t\t\t\t<p class=\"elementor-icon-box-description\">\n\t\t\t\t\t\tDai Bai Industrial Complex, Dai Bai Commune, Gia Binh District, Bac Ninh Province, Vietnam\t\t\t\t\t<\/p>\n\t\t\t\t\t\t\t<\/div>\n\t\t<\/div>\n\t\t\t\t<\/div>\n\t\t\t\t<\/div>\n\t\t\t\t<div class=\"elementor-element elementor-element-e195e6b elementor-position-left elementor-view-default elementor-mobile-position-top elementor-vertical-align-top elementor-widget elementor-widget-icon-box\" data-id=\"e195e6b\" data-element_type=\"widget\" data-widget_type=\"icon-box.default\">\n\t\t\t\t<div class=\"elementor-widget-container\">\n\t\t\t\t\t<div class=\"elementor-icon-box-wrapper\">\n\t\t\t\t\t\t<div class=\"elementor-icon-box-icon\">\n\t\t\t\t<a href=\"https:\/\/www.google.com\/maps\/dir\/\/C%C3%B4ng+Ty+CP+XNK+Vinacopper,+CN55.1+KCN+Thu%E1%BA%ADn+Th%C3%A0nh+II,+An+B%C3%ACnh,+Thu%E1%BA%ADn+Th%C3%A0nh,+B%E1%BA%AFc+Ninh+223200,+Vi%E1%BB%87t+Nam\/@21.0585198,106.0755473,13z\/data=!3m1!4b1!4m9!4m8!1m0!1m5!1m1!1s0x3135a1191ed618ad:0xc773475c346bb840!2m2!1d106.1167469!2d21.0585248!3e4?entry=ttu\" class=\"elementor-icon elementor-animation-\" tabindex=\"-1\" target=\"_blank\" rel=\"noopener\">\n\t\t\t\t<svg xmlns=\"http:\/\/www.w3.org\/2000\/svg\" xmlns:xlink=\"http:\/\/www.w3.org\/1999\/xlink\" width=\"31\" height=\"31\" viewBox=\"0 0 31 31\"><defs><linearGradient id=\"linear-gradient\" x1=\"0.5\" x2=\"0.5\" y2=\"1\" gradientUnits=\"objectBoundingBox\"><stop offset=\"0\" stop-color=\"#843f23\"><\/stop><stop offset=\"0.308\" stop-color=\"#c75c32\"><\/stop><stop offset=\"0.516\" stop-color=\"#b75f3b\"><\/stop><stop offset=\"0.78\" stop-color=\"#9f4623\"><\/stop><stop offset=\"1\" stop-color=\"#b54c22\"><\/stop><\/linearGradient><\/defs><g id=\"map\" transform=\"translate(-6 -6)\"><circle id=\"Ellipse_15385\" data-name=\"Ellipse 15385\" cx=\"15.5\" cy=\"15.5\" r=\"15.5\" transform=\"translate(6 6)\" fill=\"url(#linear-gradient)\"><\/circle><g id=\"Group_21041\" data-name=\"Group 21041\" transform=\"translate(14.343 12.272)\"><path id=\"Path_73760\" data-name=\"Path 73760\" d=\"M846.5,379.893a7.08,7.08,0,0,0-9.718-.684,6.924,6.924,0,0,0-2.6,6.562,10.139,10.139,0,0,0,1.364,3.8,21.212,21.212,0,0,0,3.786,4.75c.616.6,1.27,1.155,1.906,1.73.069-.044.089-.053.105-.067a24.075,24.075,0,0,0,5.38-5.946,10.361,10.361,0,0,0,1.681-4.64A6.918,6.918,0,0,0,846.5,379.893Zm-5.214,8.3a3.412,3.412,0,1,1,3.395-3.4A3.418,3.418,0,0,1,841.282,388.191Z\" transform=\"translate(-834.109 -377.596)\" fill=\"#fff\"><\/path><\/g><\/g><\/svg>\t\t\t\t<\/a>\n\t\t\t<\/div>\n\t\t\t\t\t\t<div class=\"elementor-icon-box-content\">\n\t\t\t\t<p class=\"elementor-icon-box-title\">\n\t\t\t\t\t<a href=\"https:\/\/www.google.com\/maps\/dir\/\/C%C3%B4ng+Ty+CP+XNK+Vinacopper,+CN55.1+KCN+Thu%E1%BA%ADn+Th%C3%A0nh+II,+An+B%C3%ACnh,+Thu%E1%BA%ADn+Th%C3%A0nh,+B%E1%BA%AFc+Ninh+223200,+Vi%E1%BB%87t+Nam\/@21.0585198,106.0755473,13z\/data=!3m1!4b1!4m9!4m8!1m0!1m5!1m1!1s0x3135a1191ed618ad:0xc773475c346bb840!2m2!1d106.1167469!2d21.0585248!3e4?entry=ttu\" target=\"_blank\" rel=\"noopener\">\n\t\t\t\t\t\tAddress 2:\t\t\t\t\t<\/a>\n\t\t\t\t<\/p>\n\t\t\t\t\t\t\t\t\t<p class=\"elementor-icon-box-description\">\n\t\t\t\t\t\tCN55.1 Thuan Thanh II Industry Park , An Binh Ward , Thuan Thanh Town, Bac Ninh Province, Vietnam\t\t\t\t\t<\/p>\n\t\t\t\t\t\t\t<\/div>\n\t\t<\/div>\n\t\t\t\t<\/div>\n\t\t\t\t<\/div>\n\t\t\t\t<section class=\"elementor-section elementor-inner-section elementor-element elementor-element-c32cff2 elementor-section-full_width elementor-section-content-middle elementor-section-height-default elementor-section-height-default\" data-id=\"c32cff2\" data-element_type=\"section\">\n\t\t\t\t\t\t<div class=\"elementor-container elementor-column-gap-no\">\n\t\t\t\t\t<div class=\"elementor-column elementor-col-50 elementor-inner-column elementor-element elementor-element-d6cd94b\" data-id=\"d6cd94b\" data-element_type=\"column\">\n\t\t\t<div class=\"elementor-widget-wrap elementor-element-populated\">\n\t\t\t\t\t\t<div class=\"elementor-element elementor-element-9b54674 elementor-position-left elementor-vertical-align-middle elementor-view-default elementor-mobile-position-top elementor-widget elementor-widget-icon-box\" data-id=\"9b54674\" data-element_type=\"widget\" data-widget_type=\"icon-box.default\">\n\t\t\t\t<div class=\"elementor-widget-container\">\n\t\t\t\t\t<div class=\"elementor-icon-box-wrapper\">\n\t\t\t\t\t\t<div class=\"elementor-icon-box-icon\">\n\t\t\t\t<a href=\"tel:(+84)%20985%20476%20152\" class=\"elementor-icon elementor-animation-\" tabindex=\"-1\">\n\t\t\t\t<svg xmlns=\"http:\/\/www.w3.org\/2000\/svg\" xmlns:xlink=\"http:\/\/www.w3.org\/1999\/xlink\" width=\"31\" height=\"31\" viewBox=\"0 0 31 31\"><defs><linearGradient id=\"linear-gradient\" x1=\"0.5\" x2=\"0.5\" y2=\"1\" gradientUnits=\"objectBoundingBox\"><stop offset=\"0\" stop-color=\"#843f23\"><\/stop><stop offset=\"0.308\" stop-color=\"#c75c32\"><\/stop><stop offset=\"0.516\" stop-color=\"#b75f3b\"><\/stop><stop offset=\"0.78\" stop-color=\"#9f4623\"><\/stop><stop offset=\"1\" stop-color=\"#b54c22\"><\/stop><\/linearGradient><\/defs><g id=\"phone\" transform=\"translate(-6.446 -6)\"><circle id=\"Ellipse_15385\" data-name=\"Ellipse 15385\" cx=\"15.5\" cy=\"15.5\" r=\"15.5\" transform=\"translate(6.446 6)\" fill=\"url(#linear-gradient)\"><\/circle><g id=\"Group_21046\" data-name=\"Group 21046\" transform=\"translate(13.056 13.038)\"><path id=\"Path_73761\" data-name=\"Path 73761\" d=\"M226.455,259.041a2.817,2.817,0,0,1-.286.34c-.445.451-.9.888-1.34,1.348a2.364,2.364,0,0,1-1.7.733,5.6,5.6,0,0,1-2.038-.35,13.777,13.777,0,0,1-3.582-1.916,23.267,23.267,0,0,1-4.842-4.658,14.817,14.817,0,0,1-2.44-4.3,5.707,5.707,0,0,1-.357-2.136,2.343,2.343,0,0,1,.726-1.665c.4-.382.8-.777,1.181-1.18a2.04,2.04,0,0,1,1.207-.715h.364a2.054,2.054,0,0,1,.926.4c.038.032.078.062.112.1.76.759,1.523,1.515,2.278,2.279a1.593,1.593,0,0,1,.264,2,1.419,1.419,0,0,1-.752.615,1.662,1.662,0,0,0-1.027.917,1.409,1.409,0,0,0-.065.951,5.576,5.576,0,0,0,1.263,2.218,7.659,7.659,0,0,0,2.4,1.91,2.147,2.147,0,0,0,1.249.3,1.518,1.518,0,0,0,1.291-.947,1.752,1.752,0,0,1,.706-.924,1.559,1.559,0,0,1,1.845.161c.464.422.9.877,1.342,1.321.4.405.824.8,1.2,1.228A1.626,1.626,0,0,1,226.455,259.041Z\" transform=\"translate(-209.869 -244.54)\" fill=\"#fff\"><\/path><\/g><\/g><\/svg>\t\t\t\t<\/a>\n\t\t\t<\/div>\n\t\t\t\t\t\t<div class=\"elementor-icon-box-content\">\n\t\t\t\t<p class=\"elementor-icon-box-title\">\n\t\t\t\t\t<a href=\"tel:(+84)%20985%20476%20152\" >\n\t\t\t\t\t\tPhone:\t\t\t\t\t<\/a>\n\t\t\t\t<\/p>\n\t\t\t\t\t\t\t\t\t<p class=\"elementor-icon-box-description\">\n\t\t\t\t\t\t(+84) 962 771 995\t\t\t\t\t<\/p>\n\t\t\t\t\t\t\t<\/div>\n\t\t<\/div>\n\t\t\t\t<\/div>\n\t\t\t\t<\/div>\n\t\t\t\t\t<\/div>\n\t\t<\/div>\n\t\t\t\t<div class=\"elementor-column elementor-col-50 elementor-inner-column elementor-element elementor-element-1b4668c\" data-id=\"1b4668c\" data-element_type=\"column\">\n\t\t\t<div class=\"elementor-widget-wrap elementor-element-populated\">\n\t\t\t\t\t\t<div class=\"elementor-element elementor-element-a2ec0b1 elementor-position-left elementor-vertical-align-middle elementor-view-default elementor-mobile-position-top elementor-widget elementor-widget-icon-box\" data-id=\"a2ec0b1\" data-element_type=\"widget\" data-widget_type=\"icon-box.default\">\n\t\t\t\t<div class=\"elementor-widget-container\">\n\t\t\t\t\t<div class=\"elementor-icon-box-wrapper\">\n\t\t\t\t\t\t<div class=\"elementor-icon-box-icon\">\n\t\t\t\t<a href=\"mailto:Vinacopper.jsc@gmail.com\" class=\"elementor-icon elementor-animation-\" tabindex=\"-1\">\n\t\t\t\t<svg xmlns=\"http:\/\/www.w3.org\/2000\/svg\" xmlns:xlink=\"http:\/\/www.w3.org\/1999\/xlink\" width=\"31\" height=\"31\" viewBox=\"0 0 31 31\"><defs><linearGradient id=\"linear-gradient\" x1=\"0.5\" x2=\"0.5\" y2=\"1\" gradientUnits=\"objectBoundingBox\"><stop offset=\"0\" stop-color=\"#843f23\"><\/stop><stop offset=\"0.308\" stop-color=\"#c75c32\"><\/stop><stop offset=\"0.516\" stop-color=\"#b75f3b\"><\/stop><stop offset=\"0.78\" stop-color=\"#9f4623\"><\/stop><stop offset=\"1\" stop-color=\"#b54c22\"><\/stop><\/linearGradient><\/defs><g id=\"mail\" transform=\"translate(-6 -6)\"><circle id=\"Ellipse_15385\" data-name=\"Ellipse 15385\" cx=\"15.5\" cy=\"15.5\" r=\"15.5\" transform=\"translate(6 6)\" fill=\"url(#linear-gradient)\"><\/circle><g id=\"Group_21046\" data-name=\"Group 21046\" transform=\"translate(13.365 15.063)\"><path id=\"Path_73762\" data-name=\"Path 73762\" d=\"M1355.712,521.73v7.886a.1.1,0,0,0-.018.027,1.545,1.545,0,0,1-1.658,1.343h-13.214c-.054,0-.108,0-.162,0a1.555,1.555,0,0,1-1.511-1.611q0-3.758,0-7.516c0-.04.008-.081.013-.128.029.017.044.023.057.032l6.711,4.641a2.424,2.424,0,0,0,3,0l6-4.146C1355.188,522.08,1355.451,521.906,1355.712,521.73Z\" transform=\"translate(-1339.148 -518.112)\" fill=\"#fff\"><\/path><path id=\"Path_73763\" data-name=\"Path 73763\" d=\"M1355.728,442.4v.436a2.336,2.336,0,0,1-.192.508,1.985,1.985,0,0,1-.478.533q-3.373,2.353-6.762,4.681a1.4,1.4,0,0,1-1.7,0q-3.395-2.334-6.779-4.686a1.522,1.522,0,0,1-.594-1.675,1.539,1.539,0,0,1,1.406-1.162c.048,0,.1,0,.146,0h13.344a1.538,1.538,0,0,1,1.53,1.083C1355.678,442.21,1355.7,442.307,1355.728,442.4Z\" transform=\"translate(-1339.164 -441.033)\" fill=\"#fff\"><\/path><\/g><\/g><\/svg>\t\t\t\t<\/a>\n\t\t\t<\/div>\n\t\t\t\t\t\t<div class=\"elementor-icon-box-content\">\n\t\t\t\t<p class=\"elementor-icon-box-title\">\n\t\t\t\t\t<a href=\"mailto:Vinacopper.jsc@gmail.com\" >\n\t\t\t\t\t\tEmail:\t\t\t\t\t<\/a>\n\t\t\t\t<\/p>\n\t\t\t\t\t\t\t\t\t<p class=\"elementor-icon-box-description\">\n\t\t\t\t\t\tinfo@vinacopper.com\t\t\t\t\t<\/p>\n\t\t\t\t\t\t\t<\/div>\n\t\t<\/div>\n\t\t\t\t<\/div>\n\t\t\t\t<\/div>\n\t\t\t\t\t<\/div>\n\t\t<\/div>\n\t\t\t\t\t<\/div>\n\t\t<\/section>\n\t\t\t\t<div class=\"elementor-element elementor-element-996ef9d elementor-widget elementor-widget-google_maps\" data-id=\"996ef9d\" data-element_type=\"widget\" data-widget_type=\"google_maps.default\">\n\t\t\t\t<div class=\"elementor-widget-container\">\n\t\t\t<style>\/*! elementor - v3.20.0 - 26-03-2024 *\/\n.elementor-widget-google_maps .elementor-widget-container{overflow:hidden}.elementor-widget-google_maps .elementor-custom-embed{line-height:0}.elementor-widget-google_maps iframe{height:300px}<\/style>\t\t<div class=\"elementor-custom-embed\">\n\t\t\t<iframe loading=\"lazy\"\n\t\t\t\t\tsrc=\"https:\/\/maps.google.com\/maps?q=C%E1%BB%A5m%20c%C3%B4ng%20nghi%E1%BB%87p%20%C4%90%E1%BA%A1i%20B%C3%A1i%2C%20x%C3%A3%20%C4%90%E1%BA%A1i%20B%C3%A1i%2C%20huy%E1%BB%87n%20Gia%20B%C3%ACnh%2C%20T%E1%BB%89nh%20B%E1%BA%AFc%20Ninh%2C%20Vi%E1%BB%87t%20Nam&#038;t=m&#038;z=15&#038;output=embed&#038;iwloc=near\"\n\t\t\t\t\ttitle=\"C\u1ee5m c\u00f4ng nghi\u1ec7p \u0110\u1ea1i B\u00e1i, x\u00e3 \u0110\u1ea1i B\u00e1i, huy\u1ec7n Gia B\u00ecnh, T\u1ec9nh B\u1eafc Ninh, Vi\u1ec7t Nam\"\n\t\t\t\t\taria-label=\"C\u1ee5m c\u00f4ng nghi\u1ec7p \u0110\u1ea1i B\u00e1i, x\u00e3 \u0110\u1ea1i B\u00e1i, huy\u1ec7n Gia B\u00ecnh, T\u1ec9nh B\u1eafc Ninh, Vi\u1ec7t Nam\"\n\t\t\t><\/iframe>\n\t\t<\/div>\n\t\t\t\t<\/div>\n\t\t\t\t<\/div>\n\t\t\t\t\t<\/div>\n\t\t<\/div>\n\t\t\t\t\t<\/div>\n\t\t<\/section>\n\t\t\t\t<\/div>\n\t\t","protected":false},"excerpt":{"rendered":"<p>News Always ready to support and accompany customers Contact us for 24\/7 support VINACOPPER IMPORT EXPORT JOINT STOCK COMPANY Address 1: Dai Bai Industrial Complex, Dai Bai Commune, Gia Binh District, Bac Ninh Province, Vietnam Address 2: CN55.1 Thuan Thanh II Industry Park , An Binh Ward , Thuan Thanh Town, Bac Ninh Province, Vietnam [&hellip;]<\/p>\n","protected":false},"author":1,"featured_media":0,"parent":0,"menu_order":0,"comment_status":"closed","ping_status":"closed","template":"elementor_header_footer","meta":{"_acf_changed":false,"footnotes":""},"class_list":["post-1468","page","type-page","status-publish","hentry"],"acf":[],"_links":{"self":[{"href":"https:\/\/vinacopper.com\/en\/wp-json\/wp\/v2\/pages\/1468","targetHints":{"allow":["GET"]}}],"collection":[{"href":"https:\/\/vinacopper.com\/en\/wp-json\/wp\/v2\/pages"}],"about":[{"href":"https:\/\/vinacopper.com\/en\/wp-json\/wp\/v2\/types\/page"}],"author":[{"embeddable":true,"href":"https:\/\/vinacopper.com\/en\/wp-json\/wp\/v2\/users\/1"}],"replies":[{"embeddable":true,"href":"https:\/\/vinacopper.com\/en\/wp-json\/wp\/v2\/comments?post=1468"}],"version-history":[{"count":0,"href":"https:\/\/vinacopper.com\/en\/wp-json\/wp\/v2\/pages\/1468\/revisions"}],"wp:attachment":[{"href":"https:\/\/vinacopper.com\/en\/wp-json\/wp\/v2\/media?parent=1468"}],"curies":[{"name":"wp","href":"https:\/\/api.w.org\/{rel}","templated":true}]}}